{"id":118,"date":"2023-08-24T12:04:04","date_gmt":"2023-08-24T10:04:04","guid":{"rendered":"http:\/\/weihnachtsdorf-hannover.de\/?page_id=118"},"modified":"2023-09-14T14:58:49","modified_gmt":"2023-09-14T12:58:49","slug":"impressum","status":"publish","type":"page","link":"https:\/\/weihnachtsdorf-hannover.de\/en\/impressum\/","title":{"rendered":"Imprint"},"content":{"rendered":"<div data-elementor-type=\"wp-page\" data-elementor-id=\"118\" class=\"elementor elementor-118\" data-elementor-settings=\"{&quot;ha_cmc_init_switcher&quot;:&quot;no&quot;}\">\n\t\t\t\t\t\t<section class=\"elementor-section elementor-top-section elementor-element elementor-element-ee51849 elementor-section-boxed elementor-section-height-default elementor-section-height-default magic-button-disabled-no\" data-id=\"ee51849\" data-element_type=\"section\" data-e-type=\"section\" data-settings=\"{&quot;_ha_eqh_enable&quot;:false}\">\n\t\t\t\t\t\t<div class=\"elementor-container elementor-column-gap-default\">\n\t\t\t\t\t<div class=\"elementor-column elementor-col-100 elementor-top-column elementor-element elementor-element-dce1fba\" data-id=\"dce1fba\" data-element_type=\"column\" data-e-type=\"column\">\n\t\t\t<div class=\"elementor-widget-wrap elementor-element-populated\">\n\t\t\t\t\t\t<div class=\"elementor-element elementor-element-9c72be7 elementor-widget elementor-widget-html\" data-id=\"9c72be7\" data-element_type=\"widget\" data-e-type=\"widget\" data-widget_type=\"html.default\">\n\t\t\t\t<div class=\"elementor-widget-container\">\n\t\t\t\t\t<meta name=\"\u201crobots\u201c\" content=\"\u201cnoindex,\" follow\u201c \/>\t\t\t\t<\/div>\n\t\t\t\t<\/div>\n\t\t\t\t\t<\/div>\n\t\t<\/div>\n\t\t\t\t\t<\/div>\n\t\t<\/section>\n\t\t\t\t<section class=\"elementor-section elementor-top-section elementor-element elementor-element-282a448 elementor-section-boxed elementor-section-height-default elementor-section-height-default magic-button-disabled-no\" data-id=\"282a448\" data-element_type=\"section\" data-e-type=\"section\" data-settings=\"{&quot;_ha_eqh_enable&quot;:false}\">\n\t\t\t\t\t\t<div class=\"elementor-container elementor-column-gap-default\">\n\t\t\t\t\t<div class=\"elementor-column elementor-col-100 elementor-top-column elementor-element elementor-element-a89cbd2\" data-id=\"a89cbd2\" data-element_type=\"column\" data-e-type=\"column\">\n\t\t\t<div class=\"elementor-widget-wrap elementor-element-populated\">\n\t\t\t\t\t\t<div class=\"elementor-element elementor-element-6565f86 elementor-widget elementor-widget-heading\" data-id=\"6565f86\" data-element_type=\"widget\" data-e-type=\"widget\" data-widget_type=\"heading.default\">\n\t\t\t\t<div class=\"elementor-widget-container\">\n\t\t\t\t\t<h2 class=\"elementor-heading-title elementor-size-default\">IMPRESSUM<\/h2>\t\t\t\t<\/div>\n\t\t\t\t<\/div>\n\t\t\t\t<div class=\"elementor-element elementor-element-5b7a13d elementor-widget elementor-widget-text-editor\" data-id=\"5b7a13d\" data-element_type=\"widget\" data-e-type=\"widget\" data-widget_type=\"text-editor.default\">\n\t\t\t\t<div class=\"elementor-widget-container\">\n\t\t\t\t\t\t\t\t\t<p><span style=\"font-weight: 400;\">Roncalli Event GmbH<br \/><\/span><span style=\"font-weight: 400;\">Amtsgericht K\u00f6ln \u00a0 <br \/>HRB 13390<br \/><\/span><span style=\"font-weight: 400;\">Gesch\u00e4ftsf\u00fchrer: Bernhard Paul, Dirk Renner, Patrick Philadelphia<br \/><\/span><span style=\"font-weight: 400;\">Circus-Roncalli-Weg 7, <\/span><span style=\"font-weight: 400;\">51063 K\u00f6ln<\/span><\/p><p><span style=\"font-weight: 400;\">Telefon: 0221 964940<\/span><span style=\"font-weight: 400;\"><br \/><\/span><span style=\"font-weight: 400;\">Fax: 0221 9649432<\/span><\/p><p><span style=\"font-weight: 400;\">E- Mail: maerkte@roncalli.de<\/span><span style=\"font-weight: 400;\"><br \/><\/span><span style=\"font-weight: 400;\">Web- Adresse: www.roncalli.de<\/span><span style=\"font-weight: 400;\"><br \/><\/span><span style=\"font-weight: 400;\">Unsere UST Nr. 218\/5802\/0507<\/span><span style=\"font-weight: 400;\"><br \/><\/span><span style=\"font-weight: 400;\">U-ID Nr. DE 811 2274 70<\/span><span style=\"font-weight: 400;\"><br \/><\/span><span style=\"font-weight: 400;\">Codenummer der Bio-Kontrollstelle: DE-\u00d6KO-072<\/span><\/p>\t\t\t\t\t\t\t\t<\/div>\n\t\t\t\t<\/div>\n\t\t\t\t\t<\/div>\n\t\t<\/div>\n\t\t\t\t\t<\/div>\n\t\t<\/section>\n\t\t\t\t<\/div>","protected":false},"excerpt":{"rendered":"<p>IMPRESSUM Roncalli Event GmbHAmtsgericht K\u00f6ln \u00a0 HRB 13390Gesch\u00e4ftsf\u00fchrer: Bernhard Paul, Dirk Renner, Patrick PhiladelphiaCircus-Roncalli-Weg 7, 51063 K\u00f6ln Telefon: 0221 964940Fax: 0221 9649432 E- Mail: maerkte@roncalli.deWeb- Adresse: www.roncalli.deUnsere UST Nr. 218\/5802\/0507U-ID Nr. DE 811 2274 70Codenummer der Bio-Kontrollstelle: DE-\u00d6KO-072<\/p>","protected":false},"author":1,"featured_media":0,"parent":0,"menu_order":0,"comment_status":"closed","ping_status":"closed","template":"","meta":{"_monsterinsights_skip_tracking":false,"_monsterinsights_sitenote_active":false,"_monsterinsights_sitenote_note":"","_monsterinsights_sitenote_category":0,"footnotes":""},"class_list":["post-118","page","type-page","status-publish","hentry"],"yoast_head":"<!-- This site is optimized with the Yoast SEO plugin v27.4 - https:\/\/yoast.com\/product\/yoast-seo-wordpress\/ -->\n<title>Impressum - Weihnachtsdorf Hannover<\/title>\n<meta name=\"robots\" content=\"index, follow, max-snippet:-1, max-image-preview:large, max-video-preview:-1\" \/>\n<link rel=\"canonical\" href=\"https:\/\/weihnachtsdorf-hannover.de\/en\/impressum\/\" \/>\n<meta property=\"og:locale\" content=\"en_US\" \/>\n<meta property=\"og:type\" content=\"article\" \/>\n<meta property=\"og:title\" content=\"Impressum - Weihnachtsdorf Hannover\" \/>\n<meta property=\"og:description\" content=\"IMPRESSUM Roncalli Event GmbHAmtsgericht K\u00f6ln \u00a0 HRB 13390Gesch\u00e4ftsf\u00fchrer: Bernhard Paul, Dirk Renner, Patrick PhiladelphiaCircus-Roncalli-Weg 7, 51063 K\u00f6ln Telefon: 0221 964940Fax: 0221 9649432 E- Mail: maerkte@roncalli.deWeb- Adresse: www.roncalli.deUnsere UST Nr. 218\/5802\/0507U-ID Nr. DE 811 2274 70Codenummer der Bio-Kontrollstelle: DE-\u00d6KO-072\" \/>\n<meta property=\"og:url\" content=\"https:\/\/weihnachtsdorf-hannover.de\/en\/impressum\/\" \/>\n<meta property=\"og:site_name\" content=\"Weihnachtsdorf Hannover\" \/>\n<meta property=\"article:modified_time\" content=\"2023-09-14T12:58:49+00:00\" \/>\n<meta name=\"twitter:card\" content=\"summary_large_image\" \/>\n<meta name=\"twitter:label1\" content=\"Est. reading time\" \/>\n\t<meta name=\"twitter:data1\" content=\"1 minute\" \/>\n<script type=\"application\/ld+json\" class=\"yoast-schema-graph\">{\"@context\":\"https:\\\/\\\/schema.org\",\"@graph\":[{\"@type\":\"WebPage\",\"@id\":\"https:\\\/\\\/weihnachtsdorf-hannover.de\\\/impressum\\\/\",\"url\":\"https:\\\/\\\/weihnachtsdorf-hannover.de\\\/impressum\\\/\",\"name\":\"Impressum - Weihnachtsdorf Hannover\",\"isPartOf\":{\"@id\":\"https:\\\/\\\/weihnachtsdorf-hannover.de\\\/#website\"},\"datePublished\":\"2023-08-24T10:04:04+00:00\",\"dateModified\":\"2023-09-14T12:58:49+00:00\",\"breadcrumb\":{\"@id\":\"https:\\\/\\\/weihnachtsdorf-hannover.de\\\/impressum\\\/#breadcrumb\"},\"inLanguage\":\"en-US\",\"potentialAction\":[{\"@type\":\"ReadAction\",\"target\":[\"https:\\\/\\\/weihnachtsdorf-hannover.de\\\/impressum\\\/\"]}]},{\"@type\":\"BreadcrumbList\",\"@id\":\"https:\\\/\\\/weihnachtsdorf-hannover.de\\\/impressum\\\/#breadcrumb\",\"itemListElement\":[{\"@type\":\"ListItem\",\"position\":1,\"name\":\"Startseite\",\"item\":\"https:\\\/\\\/weihnachtsdorf-hannover.de\\\/\"},{\"@type\":\"ListItem\",\"position\":2,\"name\":\"Impressum\"}]},{\"@type\":\"WebSite\",\"@id\":\"https:\\\/\\\/weihnachtsdorf-hannover.de\\\/#website\",\"url\":\"https:\\\/\\\/weihnachtsdorf-hannover.de\\\/\",\"name\":\"Weihnachtsdorf Hannover\",\"description\":\"\",\"publisher\":{\"@id\":\"https:\\\/\\\/weihnachtsdorf-hannover.de\\\/#organization\"},\"potentialAction\":[{\"@type\":\"SearchAction\",\"target\":{\"@type\":\"EntryPoint\",\"urlTemplate\":\"https:\\\/\\\/weihnachtsdorf-hannover.de\\\/?s={search_term_string}\"},\"query-input\":{\"@type\":\"PropertyValueSpecification\",\"valueRequired\":true,\"valueName\":\"search_term_string\"}}],\"inLanguage\":\"en-US\"},{\"@type\":\"Organization\",\"@id\":\"https:\\\/\\\/weihnachtsdorf-hannover.de\\\/#organization\",\"name\":\"Weihnachtsdorf Hannover\",\"url\":\"https:\\\/\\\/weihnachtsdorf-hannover.de\\\/\",\"logo\":{\"@type\":\"ImageObject\",\"inLanguage\":\"en-US\",\"@id\":\"https:\\\/\\\/weihnachtsdorf-hannover.de\\\/#\\\/schema\\\/logo\\\/image\\\/\",\"url\":\"https:\\\/\\\/weihnachtsdorf-hannover.de\\\/wp-content\\\/uploads\\\/2023\\\/08\\\/LOGO_WM_Hannover_KORR_klein_Favicon.png\",\"contentUrl\":\"https:\\\/\\\/weihnachtsdorf-hannover.de\\\/wp-content\\\/uploads\\\/2023\\\/08\\\/LOGO_WM_Hannover_KORR_klein_Favicon.png\",\"width\":512,\"height\":512,\"caption\":\"Weihnachtsdorf Hannover\"},\"image\":{\"@id\":\"https:\\\/\\\/weihnachtsdorf-hannover.de\\\/#\\\/schema\\\/logo\\\/image\\\/\"}}]}<\/script>\n<!-- \/ Yoast SEO plugin. -->","yoast_head_json":{"title":"Impressum - Weihnachtsdorf Hannover","robots":{"index":"index","follow":"follow","max-snippet":"max-snippet:-1","max-image-preview":"max-image-preview:large","max-video-preview":"max-video-preview:-1"},"canonical":"https:\/\/weihnachtsdorf-hannover.de\/en\/impressum\/","og_locale":"en_US","og_type":"article","og_title":"Impressum - Weihnachtsdorf Hannover","og_description":"IMPRESSUM Roncalli Event GmbHAmtsgericht K\u00f6ln \u00a0 HRB 13390Gesch\u00e4ftsf\u00fchrer: Bernhard Paul, Dirk Renner, Patrick PhiladelphiaCircus-Roncalli-Weg 7, 51063 K\u00f6ln Telefon: 0221 964940Fax: 0221 9649432 E- Mail: maerkte@roncalli.deWeb- Adresse: www.roncalli.deUnsere UST Nr. 218\/5802\/0507U-ID Nr. DE 811 2274 70Codenummer der Bio-Kontrollstelle: DE-\u00d6KO-072","og_url":"https:\/\/weihnachtsdorf-hannover.de\/en\/impressum\/","og_site_name":"Weihnachtsdorf Hannover","article_modified_time":"2023-09-14T12:58:49+00:00","twitter_card":"summary_large_image","twitter_misc":{"Est. reading time":"1 minute"},"schema":{"@context":"https:\/\/schema.org","@graph":[{"@type":"WebPage","@id":"https:\/\/weihnachtsdorf-hannover.de\/impressum\/","url":"https:\/\/weihnachtsdorf-hannover.de\/impressum\/","name":"Impressum - Weihnachtsdorf Hannover","isPartOf":{"@id":"https:\/\/weihnachtsdorf-hannover.de\/#website"},"datePublished":"2023-08-24T10:04:04+00:00","dateModified":"2023-09-14T12:58:49+00:00","breadcrumb":{"@id":"https:\/\/weihnachtsdorf-hannover.de\/impressum\/#breadcrumb"},"inLanguage":"en-US","potentialAction":[{"@type":"ReadAction","target":["https:\/\/weihnachtsdorf-hannover.de\/impressum\/"]}]},{"@type":"BreadcrumbList","@id":"https:\/\/weihnachtsdorf-hannover.de\/impressum\/#breadcrumb","itemListElement":[{"@type":"ListItem","position":1,"name":"Startseite","item":"https:\/\/weihnachtsdorf-hannover.de\/"},{"@type":"ListItem","position":2,"name":"Impressum"}]},{"@type":"WebSite","@id":"https:\/\/weihnachtsdorf-hannover.de\/#website","url":"https:\/\/weihnachtsdorf-hannover.de\/","name":"Weihnachtsdorf Hannover","description":"","publisher":{"@id":"https:\/\/weihnachtsdorf-hannover.de\/#organization"},"potentialAction":[{"@type":"SearchAction","target":{"@type":"EntryPoint","urlTemplate":"https:\/\/weihnachtsdorf-hannover.de\/?s={search_term_string}"},"query-input":{"@type":"PropertyValueSpecification","valueRequired":true,"valueName":"search_term_string"}}],"inLanguage":"en-US"},{"@type":"Organization","@id":"https:\/\/weihnachtsdorf-hannover.de\/#organization","name":"Weihnachtsdorf Hannover","url":"https:\/\/weihnachtsdorf-hannover.de\/","logo":{"@type":"ImageObject","inLanguage":"en-US","@id":"https:\/\/weihnachtsdorf-hannover.de\/#\/schema\/logo\/image\/","url":"https:\/\/weihnachtsdorf-hannover.de\/wp-content\/uploads\/2023\/08\/LOGO_WM_Hannover_KORR_klein_Favicon.png","contentUrl":"https:\/\/weihnachtsdorf-hannover.de\/wp-content\/uploads\/2023\/08\/LOGO_WM_Hannover_KORR_klein_Favicon.png","width":512,"height":512,"caption":"Weihnachtsdorf Hannover"},"image":{"@id":"https:\/\/weihnachtsdorf-hannover.de\/#\/schema\/logo\/image\/"}}]}},"_links":{"self":[{"href":"https:\/\/weihnachtsdorf-hannover.de\/en\/wp-json\/wp\/v2\/pages\/118","targetHints":{"allow":["GET"]}}],"collection":[{"href":"https:\/\/weihnachtsdorf-hannover.de\/en\/wp-json\/wp\/v2\/pages"}],"about":[{"href":"https:\/\/weihnachtsdorf-hannover.de\/en\/wp-json\/wp\/v2\/types\/page"}],"author":[{"embeddable":true,"href":"https:\/\/weihnachtsdorf-hannover.de\/en\/wp-json\/wp\/v2\/users\/1"}],"replies":[{"embeddable":true,"href":"https:\/\/weihnachtsdorf-hannover.de\/en\/wp-json\/wp\/v2\/comments?post=118"}],"version-history":[{"count":22,"href":"https:\/\/weihnachtsdorf-hannover.de\/en\/wp-json\/wp\/v2\/pages\/118\/revisions"}],"predecessor-version":[{"id":1381,"href":"https:\/\/weihnachtsdorf-hannover.de\/en\/wp-json\/wp\/v2\/pages\/118\/revisions\/1381"}],"wp:attachment":[{"href":"https:\/\/weihnachtsdorf-hannover.de\/en\/wp-json\/wp\/v2\/media?parent=118"}],"curies":[{"name":"wp","href":"https:\/\/api.w.org\/{rel}","templated":true}]}}