{"id":124,"date":"2023-08-24T12:05:38","date_gmt":"2023-08-24T10:05:38","guid":{"rendered":"http:\/\/weihnachtsdorf-hannover.de\/?page_id=124"},"modified":"2024-10-09T16:01:43","modified_gmt":"2024-10-09T14:01:43","slug":"agb","status":"publish","type":"page","link":"https:\/\/weihnachtsdorf-hannover.de\/en\/agb\/","title":{"rendered":"Terms and Conditions"},"content":{"rendered":"<div data-elementor-type=\"wp-page\" data-elementor-id=\"124\" class=\"elementor elementor-124\" data-elementor-settings=\"{&quot;ha_cmc_init_switcher&quot;:&quot;no&quot;}\">\n\t\t\t\t\t\t<section class=\"elementor-section elementor-top-section elementor-element elementor-element-427541d elementor-section-boxed elementor-section-height-default elementor-section-height-default magic-button-disabled-no\" data-id=\"427541d\" data-element_type=\"section\" data-e-type=\"section\" data-settings=\"{&quot;_ha_eqh_enable&quot;:false}\">\n\t\t\t\t\t\t<div class=\"elementor-container elementor-column-gap-default\">\n\t\t\t\t\t<div class=\"elementor-column elementor-col-100 elementor-top-column elementor-element elementor-element-f9a938f\" data-id=\"f9a938f\" data-element_type=\"column\" data-e-type=\"column\">\n\t\t\t<div class=\"elementor-widget-wrap elementor-element-populated\">\n\t\t\t\t\t\t<div class=\"elementor-element elementor-element-e8f11a8 elementor-widget elementor-widget-html\" data-id=\"e8f11a8\" data-element_type=\"widget\" data-e-type=\"widget\" data-widget_type=\"html.default\">\n\t\t\t\t<div class=\"elementor-widget-container\">\n\t\t\t\t\t<meta name=\"robots\" content=\"noindex,follow\" \/>\t\t\t\t<\/div>\n\t\t\t\t<\/div>\n\t\t\t\t\t<\/div>\n\t\t<\/div>\n\t\t\t\t\t<\/div>\n\t\t<\/section>\n\t\t\t\t<section class=\"elementor-section elementor-top-section elementor-element elementor-element-b5473f9 elementor-section-boxed elementor-section-height-default elementor-section-height-default magic-button-disabled-no\" data-id=\"b5473f9\" data-element_type=\"section\" data-e-type=\"section\" data-settings=\"{&quot;_ha_eqh_enable&quot;:false}\">\n\t\t\t\t\t\t<div class=\"elementor-container elementor-column-gap-default\">\n\t\t\t\t\t<div class=\"elementor-column elementor-col-100 elementor-top-column elementor-element elementor-element-3361213\" data-id=\"3361213\" data-element_type=\"column\" data-e-type=\"column\">\n\t\t\t<div class=\"elementor-widget-wrap elementor-element-populated\">\n\t\t\t\t\t\t<div class=\"elementor-element elementor-element-900efaf elementor-widget elementor-widget-heading\" data-id=\"900efaf\" data-element_type=\"widget\" data-e-type=\"widget\" data-widget_type=\"heading.default\">\n\t\t\t\t<div class=\"elementor-widget-container\">\n\t\t\t\t\t<h2 class=\"elementor-heading-title elementor-size-default\">ALLGEMEINE GESCH\u00c4FTSBEDINGUNGEN (AGB)<\/h2>\t\t\t\t<\/div>\n\t\t\t\t<\/div>\n\t\t\t\t<div class=\"elementor-element elementor-element-4e120e5 elementor-widget elementor-widget-text-editor\" data-id=\"4e120e5\" data-element_type=\"widget\" data-e-type=\"widget\" data-widget_type=\"text-editor.default\">\n\t\t\t\t<div class=\"elementor-widget-container\">\n\t\t\t\t\t\t\t\t\t<p><b>Allgemeine Gesch\u00e4ftsbedingungen der Roncalli Event GmbH f\u00fcr das Betreiben von M\u00e4rkten<\/b><\/p><p>Die nachfolgenden Allgemeinen Gesch\u00e4ftsbedingungen (AGB) gelten f\u00fcr die von der Roncalli Event GmbH, vertreten durch die Gesch\u00e4ftsf\u00fchrer, Circus-Roncalli-Weg 7, 51063 K\u00f6ln, Deutschland, E-Mail: maerkte@roncalli.de, Telefon: +49 (0)221 \/ 964 940, betriebenen M\u00e4rkte f\u00fcr die Marktp\u00e4chter bzw. Marktmieter als Vertragspartner. Sie gelten auch, wenn der Vertragspartner bei Vertragsschluss auf eigene Gesch\u00e4ftsbedingungen verweist, es sei denn, diesen wurde ausdr\u00fccklich schriftlich seitens der Roncalli Event GmbH zugestimmt.<\/p><p><b>Pr\u00e4ambel<\/b><\/p><p>Die Roncalli Event GmbH (im Folgenden nur noch Roncalli) betreibt verschiedene M\u00e4rkte, unter anderem Weihnachtsm\u00e4rkte, historische M\u00e4rkte und chinesische M\u00e4rkte. Dazu vermietet Roncalli einzelne Marktpl\u00e4tze f\u00fcr Marktst\u00e4ndebetreiber oder aber Marktpl\u00e4tze unter Zurverf\u00fcgungstellung der Markth\u00fctten.<\/p><p><b>1.\u00a0<\/b><b>Pflichten des Stellfl\u00e4chenmieters und Marktst\u00e4ndemieters<\/b><\/p><p>1.1 Mit Vertragsschluss stellt der Stellfl\u00e4chenmieter (im Folgenden nur noch: Mieter) sicher, dass sein Equipment, insbesondere der Marktstand, dem Motto des jeweiligen Marktes entspricht. Stellt Roncalli die Au\u00dfendekoration f\u00fcr die Marktst\u00e4nde zur Verf\u00fcgung, ist der Mieter verpflichtet, die Dekoration entsprechend den Anweisungen von Roncalli anzubringen.<\/p><p>1.2 Der Marktstandmieter (im Folgenden nur noch: Mieter) ist verpflichtet, die von Roncalli zur Verf\u00fcgung gestellten H\u00fctten pfleglich zu behandeln und entsprechend den Anweisungen von Roncalli aufzustellen und zu dekorieren.<\/p><p>1.3 Die Mieter sind verpflichtet, entsprechend dem Motto des jeweiligen Marktes ihre Mitarbeiter mit der passenden, gepflegten Kleidung zu versehen bzw. sie zu einer entsprechenden Kleidung anzuhalten.<\/p><p>1.4 Die Mieter sind verpflichtet, ihre Marktst\u00e4nde p\u00fcnktlich zum \u00d6ffnungszeitpunkt des Marktes zu \u00f6ffnen und zu betreiben.<\/p><p>1.5 Die Mieter sind verpflichtet, den Marktstand mit f\u00fcr den professionellen Au\u00dfeneinsatz geeigneten Equipment zu versehen, dies betrifft insbesondere elektrische Ger\u00e4te und geeignete Stromkabel.<\/p><p>1.6 Die Mieter sind verpflichtet, ihre Marktst\u00e4nde sauber zu halten, insbesondere eventuell vorhandene Tische abzur\u00e4umen und zu s\u00e4ubern sowie die Pr\u00e4sentation der Artikel ordnungsgem\u00e4\u00df zu gestalten.<\/p><p>1.7 Die Mieter sind verpflichtet, den anfallenden M\u00fcll regelm\u00e4\u00dfig in die daf\u00fcr vorgesehenen M\u00fcllcontainer zu entsorgen sowie vorhandene Transportverpackungen zuvor zu zerkleinern.\u00a0<\/p><p><b>2.\u00a0<\/b><b>Einverst\u00e4ndnis des Mieters mit Foto- und Filmaufnahmen<\/b><\/p><p>2.1 Der Mieter erkl\u00e4rt sich ausdr\u00fccklich damit einverstanden, dass Roncalli von den Marktst\u00e4nden Foto- und Filmaufnahmen herstellt und ver\u00f6ffentlicht.<\/p><p>2.2 Der Mieter verpflichtet sich, seine Mitarbeiter davon zu unterrichten und ihr entsprechendes Einverst\u00e4ndnis dar\u00fcber einzuholen, dass sie ggf. in den Foto- und Filmaufnahmen zu sehen sind und diese ver\u00f6ffentlicht werden. Das Einverst\u00e4ndnis der Mitarbeiter ist schriftlich einzuholen und zur Mitarbeiterakte zu nehmen.<\/p><p><b>3.\u00a0<\/b><b>Pflichtversto\u00df<\/b><\/p><p>3.1 Verst\u00f6\u00dft der Mieter gegen seine Pflichten, ist Roncalli nach einer erteilten Abmahnung berechtigt, dem Mieter au\u00dferordentlich zu k\u00fcndigen, falls er das abgemahnte Verhalten nicht innerhalb von 24 Stunden nach Zugang der Abmahnung abstellt bzw. \u00e4ndert. Dem Mieter erw\u00e4chst aus einer solchen K\u00fcndigung kein Schadensersatzanspruch.<\/p><p>3.2 Nach der K\u00fcndigung hat der Mieter seinen Marktstand unverz\u00fcglich abzubauen oder \u2013 f\u00fcr den Fall, dass Roncalli den Marktstand zur Verf\u00fcgung gestellt hat \u2013 den Marktstand zu r\u00e4umen.<\/p><p><b>4.\u00a0<\/b><b>Schadensersatz<\/b><\/p><p>4.1 Im Falle der wirksamen au\u00dferordentlichen K\u00fcndigung durch Roncalli ist der Mieter zum Ersatz des dadurch entstehenden Schadens verpflichtet. Dieser besteht vor allem in dem durch die au\u00dferordentliche K\u00fcndigung entgangenen Gewinn. Der entgangene Gewinn orientiert sich an dem durchschnittlichen Tagesumsatz seit Markter\u00f6ffnung.<\/p><p>4.2 Die Geltendmachung weiteren Schadensersatzes durch Roncalli bleibt ausdr\u00fccklich unber\u00fchrt.<\/p><p><b>5.\u00a0<\/b><b>Schlussbestimmungen<\/b><\/p><p>5.1 Erf\u00fcllungsort f\u00fcr alle Verpflichtungen aus dem Vertragsverh\u00e4ltnis ist der Gesch\u00e4ftssitz von Roncalli.<\/p><p>5.2 Es gilt als Gerichtsstand der Gesch\u00e4ftssitz von Roncalli vereinbart. Unabh\u00e4ngig hiervon ist Roncalli berechtigt, den Mieter auch an seinem Wohn- oder Gesch\u00e4ftssitz zu verklagen.<\/p><p>5.3 Die Unwirksamkeit einer oder mehrerer der Bedingungen ber\u00fchrt die Geltung der \u00fcbrigen Bestimmungen nicht.<\/p><p>5.4 Es findet das jeweils in der Bundesrepublik Deutschland geltende Recht unter Ausschluss des zwischenstaatlichen Kollisionsrechts Anwendung.<\/p>\t\t\t\t\t\t\t\t<\/div>\n\t\t\t\t<\/div>\n\t\t\t\t\t<\/div>\n\t\t<\/div>\n\t\t\t\t\t<\/div>\n\t\t<\/section>\n\t\t\t\t<\/div>","protected":false},"excerpt":{"rendered":"<p>ALLGEMEINE GESCH\u00c4FTSBEDINGUNGEN (AGB) Allgemeine Gesch\u00e4ftsbedingungen der Roncalli Event GmbH f\u00fcr das Betreiben von M\u00e4rkten Die nachfolgenden Allgemeinen Gesch\u00e4ftsbedingungen (AGB) gelten f\u00fcr die von der Roncalli Event GmbH, vertreten durch die Gesch\u00e4ftsf\u00fchrer, Circus-Roncalli-Weg 7, 51063 K\u00f6ln, Deutschland, E-Mail: maerkte@roncalli.de, Telefon: +49 (0)221 \/ 964 940, betriebenen M\u00e4rkte f\u00fcr die Marktp\u00e4chter bzw. Marktmieter als Vertragspartner. Sie gelten [&hellip;]<\/p>\n","protected":false},"author":1,"featured_media":0,"parent":0,"menu_order":0,"comment_status":"closed","ping_status":"closed","template":"","meta":{"_monsterinsights_skip_tracking":false,"_monsterinsights_sitenote_active":false,"_monsterinsights_sitenote_note":"","_monsterinsights_sitenote_category":0,"footnotes":""},"class_list":["post-124","page","type-page","status-publish","hentry"],"yoast_head":"<!-- This site is optimized with the Yoast SEO plugin v27.4 - https:\/\/yoast.com\/product\/yoast-seo-wordpress\/ -->\n<title>AGB - Weihnachtsdorf Hannover<\/title>\n<meta name=\"robots\" content=\"index, follow, max-snippet:-1, max-image-preview:large, max-video-preview:-1\" \/>\n<link rel=\"canonical\" href=\"https:\/\/weihnachtsdorf-hannover.de\/en\/agb\/\" \/>\n<meta property=\"og:locale\" content=\"en_US\" \/>\n<meta property=\"og:type\" content=\"article\" \/>\n<meta property=\"og:title\" content=\"AGB - Weihnachtsdorf Hannover\" \/>\n<meta property=\"og:description\" content=\"ALLGEMEINE GESCH\u00c4FTSBEDINGUNGEN (AGB) Allgemeine Gesch\u00e4ftsbedingungen der Roncalli Event GmbH f\u00fcr das Betreiben von M\u00e4rkten Die nachfolgenden Allgemeinen Gesch\u00e4ftsbedingungen (AGB) gelten f\u00fcr die von der Roncalli Event GmbH, vertreten durch die Gesch\u00e4ftsf\u00fchrer, Circus-Roncalli-Weg 7, 51063 K\u00f6ln, Deutschland, E-Mail: maerkte@roncalli.de, Telefon: +49 (0)221 \/ 964 940, betriebenen M\u00e4rkte f\u00fcr die Marktp\u00e4chter bzw. Marktmieter als Vertragspartner. Sie gelten [&hellip;]\" \/>\n<meta property=\"og:url\" content=\"https:\/\/weihnachtsdorf-hannover.de\/en\/agb\/\" \/>\n<meta property=\"og:site_name\" content=\"Weihnachtsdorf Hannover\" \/>\n<meta property=\"article:modified_time\" content=\"2024-10-09T14:01:43+00:00\" \/>\n<meta name=\"twitter:card\" content=\"summary_large_image\" \/>\n<meta name=\"twitter:label1\" content=\"Est. reading time\" \/>\n\t<meta name=\"twitter:data1\" content=\"4 minutes\" \/>\n<script type=\"application\/ld+json\" class=\"yoast-schema-graph\">{\"@context\":\"https:\\\/\\\/schema.org\",\"@graph\":[{\"@type\":\"WebPage\",\"@id\":\"https:\\\/\\\/weihnachtsdorf-hannover.de\\\/agb\\\/\",\"url\":\"https:\\\/\\\/weihnachtsdorf-hannover.de\\\/agb\\\/\",\"name\":\"AGB - Weihnachtsdorf Hannover\",\"isPartOf\":{\"@id\":\"https:\\\/\\\/weihnachtsdorf-hannover.de\\\/#website\"},\"datePublished\":\"2023-08-24T10:05:38+00:00\",\"dateModified\":\"2024-10-09T14:01:43+00:00\",\"breadcrumb\":{\"@id\":\"https:\\\/\\\/weihnachtsdorf-hannover.de\\\/agb\\\/#breadcrumb\"},\"inLanguage\":\"en-US\",\"potentialAction\":[{\"@type\":\"ReadAction\",\"target\":[\"https:\\\/\\\/weihnachtsdorf-hannover.de\\\/agb\\\/\"]}]},{\"@type\":\"BreadcrumbList\",\"@id\":\"https:\\\/\\\/weihnachtsdorf-hannover.de\\\/agb\\\/#breadcrumb\",\"itemListElement\":[{\"@type\":\"ListItem\",\"position\":1,\"name\":\"Startseite\",\"item\":\"https:\\\/\\\/weihnachtsdorf-hannover.de\\\/\"},{\"@type\":\"ListItem\",\"position\":2,\"name\":\"AGB\"}]},{\"@type\":\"WebSite\",\"@id\":\"https:\\\/\\\/weihnachtsdorf-hannover.de\\\/#website\",\"url\":\"https:\\\/\\\/weihnachtsdorf-hannover.de\\\/\",\"name\":\"Weihnachtsdorf Hannover\",\"description\":\"\",\"publisher\":{\"@id\":\"https:\\\/\\\/weihnachtsdorf-hannover.de\\\/#organization\"},\"potentialAction\":[{\"@type\":\"SearchAction\",\"target\":{\"@type\":\"EntryPoint\",\"urlTemplate\":\"https:\\\/\\\/weihnachtsdorf-hannover.de\\\/?s={search_term_string}\"},\"query-input\":{\"@type\":\"PropertyValueSpecification\",\"valueRequired\":true,\"valueName\":\"search_term_string\"}}],\"inLanguage\":\"en-US\"},{\"@type\":\"Organization\",\"@id\":\"https:\\\/\\\/weihnachtsdorf-hannover.de\\\/#organization\",\"name\":\"Weihnachtsdorf Hannover\",\"url\":\"https:\\\/\\\/weihnachtsdorf-hannover.de\\\/\",\"logo\":{\"@type\":\"ImageObject\",\"inLanguage\":\"en-US\",\"@id\":\"https:\\\/\\\/weihnachtsdorf-hannover.de\\\/#\\\/schema\\\/logo\\\/image\\\/\",\"url\":\"https:\\\/\\\/weihnachtsdorf-hannover.de\\\/wp-content\\\/uploads\\\/2023\\\/08\\\/LOGO_WM_Hannover_KORR_klein_Favicon.png\",\"contentUrl\":\"https:\\\/\\\/weihnachtsdorf-hannover.de\\\/wp-content\\\/uploads\\\/2023\\\/08\\\/LOGO_WM_Hannover_KORR_klein_Favicon.png\",\"width\":512,\"height\":512,\"caption\":\"Weihnachtsdorf Hannover\"},\"image\":{\"@id\":\"https:\\\/\\\/weihnachtsdorf-hannover.de\\\/#\\\/schema\\\/logo\\\/image\\\/\"}}]}<\/script>\n<!-- \/ Yoast SEO plugin. -->","yoast_head_json":{"title":"AGB - Weihnachtsdorf Hannover","robots":{"index":"index","follow":"follow","max-snippet":"max-snippet:-1","max-image-preview":"max-image-preview:large","max-video-preview":"max-video-preview:-1"},"canonical":"https:\/\/weihnachtsdorf-hannover.de\/en\/agb\/","og_locale":"en_US","og_type":"article","og_title":"AGB - Weihnachtsdorf Hannover","og_description":"ALLGEMEINE GESCH\u00c4FTSBEDINGUNGEN (AGB) Allgemeine Gesch\u00e4ftsbedingungen der Roncalli Event GmbH f\u00fcr das Betreiben von M\u00e4rkten Die nachfolgenden Allgemeinen Gesch\u00e4ftsbedingungen (AGB) gelten f\u00fcr die von der Roncalli Event GmbH, vertreten durch die Gesch\u00e4ftsf\u00fchrer, Circus-Roncalli-Weg 7, 51063 K\u00f6ln, Deutschland, E-Mail: maerkte@roncalli.de, Telefon: +49 (0)221 \/ 964 940, betriebenen M\u00e4rkte f\u00fcr die Marktp\u00e4chter bzw. Marktmieter als Vertragspartner. Sie gelten [&hellip;]","og_url":"https:\/\/weihnachtsdorf-hannover.de\/en\/agb\/","og_site_name":"Weihnachtsdorf Hannover","article_modified_time":"2024-10-09T14:01:43+00:00","twitter_card":"summary_large_image","twitter_misc":{"Est. reading time":"4 minutes"},"schema":{"@context":"https:\/\/schema.org","@graph":[{"@type":"WebPage","@id":"https:\/\/weihnachtsdorf-hannover.de\/agb\/","url":"https:\/\/weihnachtsdorf-hannover.de\/agb\/","name":"AGB - Weihnachtsdorf Hannover","isPartOf":{"@id":"https:\/\/weihnachtsdorf-hannover.de\/#website"},"datePublished":"2023-08-24T10:05:38+00:00","dateModified":"2024-10-09T14:01:43+00:00","breadcrumb":{"@id":"https:\/\/weihnachtsdorf-hannover.de\/agb\/#breadcrumb"},"inLanguage":"en-US","potentialAction":[{"@type":"ReadAction","target":["https:\/\/weihnachtsdorf-hannover.de\/agb\/"]}]},{"@type":"BreadcrumbList","@id":"https:\/\/weihnachtsdorf-hannover.de\/agb\/#breadcrumb","itemListElement":[{"@type":"ListItem","position":1,"name":"Startseite","item":"https:\/\/weihnachtsdorf-hannover.de\/"},{"@type":"ListItem","position":2,"name":"AGB"}]},{"@type":"WebSite","@id":"https:\/\/weihnachtsdorf-hannover.de\/#website","url":"https:\/\/weihnachtsdorf-hannover.de\/","name":"Weihnachtsdorf Hannover","description":"","publisher":{"@id":"https:\/\/weihnachtsdorf-hannover.de\/#organization"},"potentialAction":[{"@type":"SearchAction","target":{"@type":"EntryPoint","urlTemplate":"https:\/\/weihnachtsdorf-hannover.de\/?s={search_term_string}"},"query-input":{"@type":"PropertyValueSpecification","valueRequired":true,"valueName":"search_term_string"}}],"inLanguage":"en-US"},{"@type":"Organization","@id":"https:\/\/weihnachtsdorf-hannover.de\/#organization","name":"Weihnachtsdorf Hannover","url":"https:\/\/weihnachtsdorf-hannover.de\/","logo":{"@type":"ImageObject","inLanguage":"en-US","@id":"https:\/\/weihnachtsdorf-hannover.de\/#\/schema\/logo\/image\/","url":"https:\/\/weihnachtsdorf-hannover.de\/wp-content\/uploads\/2023\/08\/LOGO_WM_Hannover_KORR_klein_Favicon.png","contentUrl":"https:\/\/weihnachtsdorf-hannover.de\/wp-content\/uploads\/2023\/08\/LOGO_WM_Hannover_KORR_klein_Favicon.png","width":512,"height":512,"caption":"Weihnachtsdorf Hannover"},"image":{"@id":"https:\/\/weihnachtsdorf-hannover.de\/#\/schema\/logo\/image\/"}}]}},"_links":{"self":[{"href":"https:\/\/weihnachtsdorf-hannover.de\/en\/wp-json\/wp\/v2\/pages\/124","targetHints":{"allow":["GET"]}}],"collection":[{"href":"https:\/\/weihnachtsdorf-hannover.de\/en\/wp-json\/wp\/v2\/pages"}],"about":[{"href":"https:\/\/weihnachtsdorf-hannover.de\/en\/wp-json\/wp\/v2\/types\/page"}],"author":[{"embeddable":true,"href":"https:\/\/weihnachtsdorf-hannover.de\/en\/wp-json\/wp\/v2\/users\/1"}],"replies":[{"embeddable":true,"href":"https:\/\/weihnachtsdorf-hannover.de\/en\/wp-json\/wp\/v2\/comments?post=124"}],"version-history":[{"count":31,"href":"https:\/\/weihnachtsdorf-hannover.de\/en\/wp-json\/wp\/v2\/pages\/124\/revisions"}],"predecessor-version":[{"id":1837,"href":"https:\/\/weihnachtsdorf-hannover.de\/en\/wp-json\/wp\/v2\/pages\/124\/revisions\/1837"}],"wp:attachment":[{"href":"https:\/\/weihnachtsdorf-hannover.de\/en\/wp-json\/wp\/v2\/media?parent=124"}],"curies":[{"name":"wp","href":"https:\/\/api.w.org\/{rel}","templated":true}]}}